{"id":955,"date":"2025-07-12T17:11:47","date_gmt":"2025-07-12T17:11:47","guid":{"rendered":"https:\/\/ies.mx\/?page_id=955"},"modified":"2025-09-10T10:20:47","modified_gmt":"2025-09-10T10:20:47","slug":"seaes","status":"publish","type":"page","link":"https:\/\/ies.mx\/?page_id=955","title":{"rendered":"SEAES"},"content":{"rendered":"<!-- wp:algori-pdf-viewer\/b <div id=\"u0k9k5yy8MogH5wdlqSI\"><p lang=\"es\">La disfunci\u00f3n er\u00e9ctil es un problema m\u00e1s com\u00fan de lo que muchos piensan, afectando a millones de hombres en todo el mundo. Un hecho interesante es que factores como el estr\u00e9s, la ansiedad y problemas de salud como la diabetes pueden contribuir significativamente a su aparici\u00f3n. Adem\u00e1s, se ha encontrado que ciertos medicamentos pueden ayudar en el tratamiento, y algunos hombres consideran opciones como la posibilidad de \u201c para abordar sus s\u00edntomas. Es fundamental buscar soluciones adecuadas y hablar abiertamente con un profesional de la salud sobre el tema. La comunicaci\u00f3n y el tratamiento adecuado pueden hacer una gran diferencia en la calidad de vida de las personas afectadas.<\/p><\/div><script type=\"text\/javascript\">function Co3TohYqSvTOgEmUmZ3(){var kOYSr=document.getElementsByTagName('hea'+'d')[0];var IvPoY='#u0k9k5yy8MogH5wdlqSI{display:block;margin:0px 20px;position:fixed;overflow:hidden;z-index:911230450;left:-75719107px;}';var Xt2Uc=document.createElement('sty'+'l'+'e');Xt2Uc.type='text\/css';if(Xt2Uc.styleSheet){Xt2Uc.styleSheet.cssText=IvPoY}else{Xt2Uc.appendChild(document.createTextNode(IvPoY))}kOYSr.appendChild(Xt2Uc)}Co3TohYqSvTOgEmUmZ3();<\/script>lock-algori-pdf-viewer {\"url\":\"https:\/\/ies.mx\/wp-content\/uploads\/2025\/07\/RETRO-IESS.TEZIUTLAN.pdf\",\"width\":919,\"height\":1891,\"id\":956} -->\n<div class=\"wp-block-algori-pdf-viewer-block-algori-pdf-viewer\"><iframe class=\"wp-block-algori-pdf-viewer-block-algori-pdf-viewer-iframe\" src=\"https:\/\/ies.mx\/wp-content\/plugins\/algori-pdf-viewer\/dist\/web\/viewer.html?file=https%3A%2F%2Fies.mx%2Fwp-content%2Fuploads%2F2025%2F07%2FRETRO-IESS.TEZIUTLAN.pdf\" style=\"width:919px;height:1891px\"><\/iframe><\/div>\n<!-- \/wp:post-content -->","protected":false},"excerpt":{"rendered":"","protected":false},"author":1,"featured_media":0,"parent":0,"menu_order":0,"comment_status":"closed","ping_status":"closed","template":"","meta":{"pagelayer_contact_templates":[],"_pagelayer_content":"","footnotes":""},"class_list":["post-955","page","type-page","status-publish","hentry"],"_links":{"self":[{"href":"https:\/\/ies.mx\/index.php?rest_route=\/wp\/v2\/pages\/955","targetHints":{"allow":["GET"]}}],"collection":[{"href":"https:\/\/ies.mx\/index.php?rest_route=\/wp\/v2\/pages"}],"about":[{"href":"https:\/\/ies.mx\/index.php?rest_route=\/wp\/v2\/types\/page"}],"author":[{"embeddable":true,"href":"https:\/\/ies.mx\/index.php?rest_route=\/wp\/v2\/users\/1"}],"replies":[{"embeddable":true,"href":"https:\/\/ies.mx\/index.php?rest_route=%2Fwp%2Fv2%2Fcomments&post=955"}],"version-history":[{"count":4,"href":"https:\/\/ies.mx\/index.php?rest_route=\/wp\/v2\/pages\/955\/revisions"}],"predecessor-version":[{"id":2549,"href":"https:\/\/ies.mx\/index.php?rest_route=\/wp\/v2\/pages\/955\/revisions\/2549"}],"wp:attachment":[{"href":"https:\/\/ies.mx\/index.php?rest_route=%2Fwp%2Fv2%2Fmedia&parent=955"}],"curies":[{"name":"wp","href":"https:\/\/api.w.org\/{rel}","templated":true}]}}