{"id":2793,"date":"2026-03-06T22:05:12","date_gmt":"2026-03-06T22:05:12","guid":{"rendered":"https:\/\/ies.mx\/?page_id=2793"},"modified":"2026-04-17T22:51:09","modified_gmt":"2026-04-17T22:51:09","slug":"normal-superior","status":"publish","type":"page","link":"https:\/\/ies.mx\/?page_id=2793","title":{"rendered":"IES Normal Superior"},"content":{"rendered":"<div class=\"vce-row-container\" data-vce-boxed-width=\"true\"><div class=\"vce-row vce-row--col-gap-30 vce-row-equal-height vce-row-content--top\" id=\"el-dd988760\" data-vce-do-apply=\"all el-dd988760\"><div class=\"vce-content-background-container\"><\/div><div class=\"vce-row-content\" data-vce-element-content=\"true\"><div class=\"vce-col vce-col--md-28p vce-col--xs-1 vce-col--xs-last vce-col--xs-first vce-col--sm-last vce-col--sm-first vce-col--md-first vce-col--lg-first vce-col--xl-first\" id=\"el-a5bcea97\"><div class=\"vce-col-inner\" data-vce-do-apply=\"border margin background  el-a5bcea97\"><div class=\"vce-col-content\" data-vce-element-content=\"true\" data-vce-do-apply=\"padding el-a5bcea97\"><div class=\"vce-button--style-outline-container vce-button--style-outline-container--align-center\"><span class=\"vce-button--style-outline-wrapper vce\" id=\"el-c96186a9\" data-vce-do-apply=\"margin el-c96186a9\"><a class=\"vce-button vce-button--style-outline-animated vce-button--style-outline--border-rounded vce-button--style-outline--size-medium vce-button--style-outline-animated--color-b-47-47-47--fff--3d3d3d vce-button--style-outline-animated--border-color-e3e3e3--3d3d3d vce-button--style-outline-animated--background-color-3d3d3d\" href=\"https:\/\/ies.mx\/?page_id=2797\" title=\"SEAES\" data-vce-do-apply=\"padding border background  el-c96186a9\"><span class=\"vce-button--style-outline-text\">SEAES<\/span><\/a><\/span><\/div><div class=\"vce-button--style-outline-container vce-button--style-outline-container--align-center\"><span class=\"vce-button--style-outline-wrapper vce\" id=\"el-f59486bf\" data-vce-do-apply=\"margin el-f59486bf\"><a class=\"vce-button vce-button--style-outline-animated vce-button--style-outline--border-rounded vce-button--style-outline--size-medium vce-button--style-outline-animated--color-b-47-47-47--fff--3d3d3d vce-button--style-outline-animated--border-color-e3e3e3--3d3d3d vce-button--style-outline-animated--background-color-3d3d3d\" href=\"https:\/\/ies.mx\/?page_id=2709\" title=\"REGLAMENTO\" data-vce-do-apply=\"padding border background  el-f59486bf\"><span class=\"vce-button--style-outline-text\">REGLAMENTO<\/span><\/a><\/span><\/div><div class=\"vce-button--style-outline-container vce-button--style-outline-container--align-center\"><span class=\"vce-button--style-outline-wrapper vce\" id=\"el-3238a5a1\" data-vce-do-apply=\"margin el-3238a5a1\"><a class=\"vce-button vce-button--style-outline-animated vce-button--style-outline--border-rounded vce-button--style-outline--size-medium vce-button--style-outline-animated--color-b-47-47-47--fff--3d3d3d vce-button--style-outline-animated--border-color-e3e3e3--3d3d3d vce-button--style-outline-animated--background-color-3d3d3d\" href=\"https:\/\/ies.mx\/?page_id=2711\" title=\"POL\u00cdTICA DE CALIDAD\" data-vce-do-apply=\"padding border background  el-3238a5a1\"><span class=\"vce-button--style-outline-text\">POL\u00cdTICA DE CALIDAD<\/span><\/a><\/span><\/div><div class=\"vce-button--style-outline-container vce-button--style-outline-container--align-center\"><span class=\"vce-button--style-outline-wrapper vce\" id=\"el-6d03518a\" data-vce-do-apply=\"margin el-6d03518a\"><a class=\"vce-button vce-button--style-outline-animated vce-button--style-outline--border-rounded vce-button--style-outline--size-medium vce-button--style-outline-animated--color-b-47-47-47--fff--3d3d3d vce-button--style-outline-animated--border-color-e3e3e3--3d3d3d vce-button--style-outline-animated--background-color-3d3d3d\" href=\"https:\/\/ies.mx\/?page_id=2713\" title=\"POL\u00cdTICA DE PRIVACIDAD\" data-vce-do-apply=\"padding border background  el-6d03518a\"><span class=\"vce-button--style-outline-text\">POL\u00cdTICA DE PRIVACIDAD<\/span><\/a><\/span><\/div><\/div><\/div><\/div><div class=\"vce-col vce-col--md-72p vce-col--xs-1 vce-col--xs-last vce-col--xs-first vce-col--sm-last vce-col--sm-first vce-col--md-last vce-col--lg-last vce-col--xl-last\" id=\"el-9cb6c6ba\"><div class=\"vce-col-inner\" data-vce-do-apply=\"border margin background  el-9cb6c6ba\"><div class=\"vce-col-content\" data-vce-element-content=\"true\" data-vce-do-apply=\"padding el-9cb6c6ba\"><div class=\"vce-single-image-container vce-single-image--align-center\"><div class=\"vce vce-single-image-wrapper\" id=\"el-cb776a68\" data-vce-do-apply=\"all el-cb776a68\"><figure><div class=\"vce-single-image-figure-inner\" style=\"width: 900px;\"><div class=\"vce-single-image-inner vce-single-image--absolute vce-single-image--border-rounded\" style=\"width: 100%; padding-bottom: 55.5556%;\"><img loading=\"lazy\" decoding=\"async\" class=\"vce-single-image\"  width=\"900\" height=\"500\" srcset=\"https:\/\/ies.mx\/wp-content\/uploads\/2026\/03\/ies-teziutlan-NORMAL-SUP-320x180.jpg 320w, https:\/\/ies.mx\/wp-content\/uploads\/2026\/03\/ies-teziutlan-NORMAL-SUP-480x270.jpg 480w, https:\/\/ies.mx\/wp-content\/uploads\/2026\/03\/ies-teziutlan-NORMAL-SUP-800x450.jpg 800w, https:\/\/ies.mx\/wp-content\/uploads\/2026\/04\/ies-teziutlan-NORMAL-SUP-900x500.jpg 900w\" src=\"https:\/\/ies.mx\/wp-content\/uploads\/2026\/04\/ies-teziutlan-NORMAL-SUP-900x500.jpg\" data-img-src=\"https:\/\/ies.mx\/wp-content\/uploads\/2026\/03\/ies-teziutlan-NORMAL-SUP.jpg\" data-attachment-id=\"2795\"  alt=\"\" title=\"ies-teziutlan NORMAL SUP\" \/><\/div><\/div><figcaption hidden=\"\"><\/figcaption><\/figure><\/div><\/div><\/div><\/div><\/div><\/div><\/div><\/div><div class=\"vce-row-container\" data-vce-boxed-width=\"true\"><div class=\"vce-row vce-row--col-gap-30 vce-row-equal-height vce-row-content--top\" id=\"el-1a9676c8\" data-vce-do-apply=\"all el-1a9676c8\"><div class=\"vce-row-content\" data-vce-element-content=\"true\"><div class=\"vce-col vce-col--md-auto vce-col--xs-1 vce-col--xs-last vce-col--xs-first vce-col--sm-last vce-col--sm-first vce-col--md-last vce-col--lg-last vce-col--xl-last vce-col--md-first vce-col--lg-first vce-col--xl-first\" id=\"el-d360edec\"><div class=\"vce-col-inner\" data-vce-do-apply=\"border margin background  el-d360edec\"><div class=\"vce-col-content\" data-vce-element-content=\"true\" data-vce-do-apply=\"padding el-d360edec\"><div class=\"vce-google-fonts-heading vce-google-fonts-heading--align-center vce-google-fonts-heading--color-empty--45--5C00FF--FF7200 vce-google-fonts-heading--font-family-Lato\"><div id=\"el-a4b8bb32\" class=\"vce-google-fonts-heading-wrapper\"><div class=\"vce-google-fonts-heading--background vce\" data-vce-do-apply=\"border background  padding margin el-a4b8bb32\"><h2 class=\"vce-google-fonts-heading-inner\" style=\"font-weight: 400; font-style: normal;\">CONVOCATORIA PARA EL EXAMEN DE INGRESO A LA LICENCIATURA EN ENSE\u00d1ANZA Y APRENDIZAJE DEL ESPA\u00d1OL O LAS MATEM\u00c1TICAS 2026-2027<\/h2><\/div><\/div><\/div><div class=\"vce-image-gallery vce-image-gallery--gap-10 vce-image-gallery--columns-3 vce-image-gallery--border-rounded\"><div class=\"vce-image-gallery-wrapper vce\" id=\"el-0f16339f\" data-vce-do-apply=\"all el-0f16339f\"><div class=\"vce-image-gallery-list\"><div class=\"vce-image-gallery-item\"><figure class=\"vce-image-gallery-item-inner-wrapper\"><a href=\"https:\/\/ies.mx\/wp-content\/uploads\/2026\/04\/1-scaled.jpg\" data-lightbox=\"lightbox-0f16339f\" class=\"vce-image-gallery-item-inner\"><img decoding=\"async\" class=\"vce-image-gallery-img vce-image-gallery-img--orientation-portrait\" src=\"https:\/\/ies.mx\/wp-content\/uploads\/2026\/04\/1-791x1024.jpg\" alt=\"\" title=\"1\"><\/a><\/figure><\/div><div class=\"vce-image-gallery-item\"><figure class=\"vce-image-gallery-item-inner-wrapper\"><a href=\"https:\/\/ies.mx\/wp-content\/uploads\/2026\/04\/2-scaled.jpg\" data-lightbox=\"lightbox-0f16339f\" class=\"vce-image-gallery-item-inner\"><img decoding=\"async\" class=\"vce-image-gallery-img vce-image-gallery-img--orientation-portrait\" src=\"https:\/\/ies.mx\/wp-content\/uploads\/2026\/04\/2-791x1024.jpg\" alt=\"\" title=\"2\"><\/a><\/figure><\/div><div class=\"vce-image-gallery-item\"><figure class=\"vce-image-gallery-item-inner-wrapper\"><a href=\"https:\/\/ies.mx\/wp-content\/uploads\/2026\/04\/3-scaled.jpg\" data-lightbox=\"lightbox-0f16339f\" class=\"vce-image-gallery-item-inner\"><img decoding=\"async\" class=\"vce-image-gallery-img vce-image-gallery-img--orientation-portrait\" src=\"https:\/\/ies.mx\/wp-content\/uploads\/2026\/04\/3-791x1024.jpg\" alt=\"\" title=\"3\"><\/a><\/figure><\/div><div class=\"vce-image-gallery-item\"><figure class=\"vce-image-gallery-item-inner-wrapper\"><a href=\"https:\/\/ies.mx\/wp-content\/uploads\/2026\/04\/4-scaled.jpg\" data-lightbox=\"lightbox-0f16339f\" class=\"vce-image-gallery-item-inner\"><img decoding=\"async\" class=\"vce-image-gallery-img vce-image-gallery-img--orientation-portrait\" src=\"https:\/\/ies.mx\/wp-content\/uploads\/2026\/04\/4-791x1024.jpg\" alt=\"\" title=\"4\"><\/a><\/figure><\/div><div class=\"vce-image-gallery-item\"><figure class=\"vce-image-gallery-item-inner-wrapper\"><a href=\"https:\/\/ies.mx\/wp-content\/uploads\/2026\/04\/5-scaled.jpg\" data-lightbox=\"lightbox-0f16339f\" class=\"vce-image-gallery-item-inner\"><img decoding=\"async\" class=\"vce-image-gallery-img vce-image-gallery-img--orientation-portrait\" src=\"https:\/\/ies.mx\/wp-content\/uploads\/2026\/04\/5-791x1024.jpg\" alt=\"\" title=\"5\"><\/a><\/figure><\/div><div class=\"vce-image-gallery-item\"><figure class=\"vce-image-gallery-item-inner-wrapper\"><a href=\"https:\/\/ies.mx\/wp-content\/uploads\/2026\/04\/6-scaled.jpg\" data-lightbox=\"lightbox-0f16339f\" class=\"vce-image-gallery-item-inner\"><img decoding=\"async\" class=\"vce-image-gallery-img vce-image-gallery-img--orientation-portrait\" src=\"https:\/\/ies.mx\/wp-content\/uploads\/2026\/04\/6-791x1024.jpg\" alt=\"\" title=\"6\"><\/a><\/figure><\/div><div class=\"vce-image-gallery-item\"><figure class=\"vce-image-gallery-item-inner-wrapper\"><a href=\"https:\/\/ies.mx\/wp-content\/uploads\/2026\/04\/7-scaled.jpg\" data-lightbox=\"lightbox-0f16339f\" class=\"vce-image-gallery-item-inner\"><img decoding=\"async\" class=\"vce-image-gallery-img vce-image-gallery-img--orientation-portrait\" src=\"https:\/\/ies.mx\/wp-content\/uploads\/2026\/04\/7-791x1024.jpg\" alt=\"\" title=\"7\"><\/a><\/figure><\/div><div class=\"vce-image-gallery-item\"><figure class=\"vce-image-gallery-item-inner-wrapper\"><a href=\"https:\/\/ies.mx\/wp-content\/uploads\/2026\/04\/8-scaled.jpg\" data-lightbox=\"lightbox-0f16339f\" class=\"vce-image-gallery-item-inner\"><img decoding=\"async\" class=\"vce-image-gallery-img vce-image-gallery-img--orientation-portrait\" src=\"https:\/\/ies.mx\/wp-content\/uploads\/2026\/04\/8-791x1024.jpg\" alt=\"\" title=\"8\"><\/a><\/figure><\/div><div class=\"vce-image-gallery-item\"><figure class=\"vce-image-gallery-item-inner-wrapper\"><a href=\"https:\/\/ies.mx\/wp-content\/uploads\/2026\/04\/9-scaled.jpg\" data-lightbox=\"lightbox-0f16339f\" class=\"vce-image-gallery-item-inner\"><img decoding=\"async\" class=\"vce-image-gallery-img vce-image-gallery-img--orientation-portrait\" src=\"https:\/\/ies.mx\/wp-content\/uploads\/2026\/04\/9-791x1024.jpg\" alt=\"\" title=\"9\"><\/a><\/figure><\/div><\/div><\/div><\/div><\/div><\/div><\/div><\/div><\/div><\/div>\n","protected":false},"excerpt":{"rendered":"<p>SEAESREGLAMENTOPOL\u00cdTICA DE CALIDADPOL\u00cdTICA DE PRIVACIDADCONVOCATORIA PARA EL EXAMEN DE INGRESO A LA LICENCIATURA EN ENSE\u00d1ANZA Y APRENDIZAJE DEL ESPA\u00d1OL O LAS MATEM\u00c1TICAS 2026-2027<\/p>\n","protected":false},"author":1,"featured_media":0,"parent":0,"menu_order":0,"comment_status":"closed","ping_status":"closed","template":"","meta":{"pagelayer_contact_templates":[],"_pagelayer_content":"","footnotes":""},"class_list":["post-2793","page","type-page","status-publish","hentry"],"_links":{"self":[{"href":"https:\/\/ies.mx\/index.php?rest_route=\/wp\/v2\/pages\/2793","targetHints":{"allow":["GET"]}}],"collection":[{"href":"https:\/\/ies.mx\/index.php?rest_route=\/wp\/v2\/pages"}],"about":[{"href":"https:\/\/ies.mx\/index.php?rest_route=\/wp\/v2\/types\/page"}],"author":[{"embeddable":true,"href":"https:\/\/ies.mx\/index.php?rest_route=\/wp\/v2\/users\/1"}],"replies":[{"embeddable":true,"href":"https:\/\/ies.mx\/index.php?rest_route=%2Fwp%2Fv2%2Fcomments&post=2793"}],"version-history":[{"count":4,"href":"https:\/\/ies.mx\/index.php?rest_route=\/wp\/v2\/pages\/2793\/revisions"}],"predecessor-version":[{"id":2822,"href":"https:\/\/ies.mx\/index.php?rest_route=\/wp\/v2\/pages\/2793\/revisions\/2822"}],"wp:attachment":[{"href":"https:\/\/ies.mx\/index.php?rest_route=%2Fwp%2Fv2%2Fmedia&parent=2793"}],"curies":[{"name":"wp","href":"https:\/\/api.w.org\/{rel}","templated":true}]}}