{"id":2771,"date":"2026-03-06T18:42:32","date_gmt":"2026-03-06T18:42:32","guid":{"rendered":"https:\/\/ies.mx\/?page_id=2771"},"modified":"2026-04-22T22:16:27","modified_gmt":"2026-04-22T22:16:27","slug":"ies-universidad","status":"publish","type":"page","link":"https:\/\/ies.mx\/?page_id=2771","title":{"rendered":"IES Universidad"},"content":{"rendered":"<div class=\"vce-row-container\" data-vce-boxed-width=\"true\"><div class=\"vce-row vce-row--col-gap-30 vce-row-equal-height vce-row-content--top\" id=\"el-2f23d746\" data-vce-do-apply=\"all el-2f23d746\"><div class=\"vce-content-background-container\"><\/div><div class=\"vce-row-content\" data-vce-element-content=\"true\"><div class=\"vce-col vce-col--md-18p vce-col--xs-1 vce-col--xs-last vce-col--xs-first vce-col--sm-last vce-col--sm-first vce-col--md-first vce-col--lg-first vce-col--xl-first\" id=\"el-62b4e4fd\"><div class=\"vce-col-inner\" data-vce-do-apply=\"border margin background  el-62b4e4fd\"><div class=\"vce-col-content\" data-vce-element-content=\"true\" data-vce-do-apply=\"padding el-62b4e4fd\"><div class=\"vce-single-image-container vce-single-image--align-left\"><div class=\"vce vce-single-image-wrapper\" id=\"el-d409b76d\" data-vce-do-apply=\"all el-d409b76d\"><figure><div class=\"vce-single-image-figure-inner\" style=\"width: 1024px;\"><a href=\"http:\/\/www.ies.mx\" title=\"\" class=\"vce-single-image-inner vce-single-image--absolute\" style=\"width: 100%; padding-bottom: 100%;\"><img loading=\"lazy\" decoding=\"async\" class=\"vce-single-image\"  width=\"1024\" height=\"1024\" srcset=\"https:\/\/ies.mx\/wp-content\/uploads\/2021\/04\/Logo-IES-sin-fondo-1024x1024.png 1024w, https:\/\/ies.mx\/wp-content\/uploads\/2021\/04\/Logo-IES-sin-fondo-2048x2048.png 2x, https:\/\/ies.mx\/wp-content\/uploads\/2026\/04\/Logo-IES-sin-fondo-320x320.png 320w, https:\/\/ies.mx\/wp-content\/uploads\/2026\/04\/Logo-IES-sin-fondo-480x480.png 480w, https:\/\/ies.mx\/wp-content\/uploads\/2026\/04\/Logo-IES-sin-fondo-800x800.png 800w\" src=\"https:\/\/ies.mx\/wp-content\/uploads\/2021\/04\/Logo-IES-sin-fondo-1024x1024.png\" data-img-src=\"https:\/\/ies.mx\/wp-content\/uploads\/2021\/04\/Logo-IES-sin-fondo.png\" data-attachment-id=\"34\"  alt=\"\" title=\"IES Universidad\" \/><\/a><\/div><figcaption hidden=\"\"><\/figcaption><\/figure><\/div><\/div><\/div><\/div><\/div><div class=\"vce-col vce-col--md-82p vce-col--xs-1 vce-col--xs-last vce-col--xs-first vce-col--sm-last vce-col--sm-first vce-col--md-last vce-col--lg-last vce-col--xl-last\" id=\"el-ba82a02e\"><div class=\"vce-col-inner\" data-vce-do-apply=\"border margin background  el-ba82a02e\"><div class=\"vce-col-content\" data-vce-element-content=\"true\" data-vce-do-apply=\"padding el-ba82a02e\"><div class=\"vce-single-image-container vce-single-image--align-left\"><div class=\"vce vce-single-image-wrapper\" id=\"el-9b980e97\" data-vce-do-apply=\"all el-9b980e97\"><figure><div class=\"vce-single-image-figure-inner\" style=\"width: 1024px;\"><div class=\"vce-single-image-inner vce-single-image--absolute\" style=\"width: 100%; padding-bottom: 56.25%;\"><img loading=\"lazy\" decoding=\"async\" class=\"vce-single-image\"  width=\"1024\" height=\"576\" srcset=\"https:\/\/ies.mx\/wp-content\/uploads\/2025\/10\/PORTADA-IESMX-1024x577.jpg 1024w, https:\/\/ies.mx\/wp-content\/uploads\/2025\/10\/PORTADA-IESMX-2048x1154.jpg 2x, https:\/\/ies.mx\/wp-content\/uploads\/2025\/10\/PORTADA-IESMX-320x180.jpg 320w, https:\/\/ies.mx\/wp-content\/uploads\/2025\/10\/PORTADA-IESMX-480x270.jpg 480w, https:\/\/ies.mx\/wp-content\/uploads\/2025\/10\/PORTADA-IESMX-800x451.jpg 800w\" src=\"https:\/\/ies.mx\/wp-content\/uploads\/2025\/10\/PORTADA-IESMX-1024x577.jpg\" data-img-src=\"https:\/\/ies.mx\/wp-content\/uploads\/2025\/10\/PORTADA-IESMX.jpg\" data-attachment-id=\"2512\"  alt=\"\" title=\"PORTADA IESMX\" \/><\/div><\/div><figcaption hidden=\"\"><\/figcaption><\/figure><\/div><\/div><\/div><\/div><\/div><\/div><\/div><\/div><div class=\"vce-row-container\" data-vce-boxed-width=\"true\"><div class=\"vce-row vce-row--col-gap-30 vce-row-equal-height vce-row-content--top\" id=\"el-a7ee5756\" data-vce-do-apply=\"all el-a7ee5756\"><div class=\"vce-content-background-container\"><\/div><div class=\"vce-row-content\" data-vce-element-content=\"true\"><div class=\"vce-col vce-col--md-58p vce-col--xs-1 vce-col--xs-last vce-col--xs-first vce-col--sm-last vce-col--sm-first vce-col--md-first vce-col--lg-first vce-col--xl-first\" id=\"el-31908ad6\"><div class=\"vce-col-inner\" data-vce-do-apply=\"border margin background  el-31908ad6\"><div class=\"vce-col-content\" data-vce-element-content=\"true\" data-vce-do-apply=\"padding el-31908ad6\"><div class=\"vce-single-image-container vce-single-image--align-left\"><div class=\"vce vce-single-image-wrapper\" id=\"el-bbf74c26\" data-vce-do-apply=\"all el-bbf74c26\"><figure><div class=\"vce-single-image-figure-inner\" style=\"width: 526px;\"><div class=\"vce-single-image-inner vce-single-image--absolute\" style=\"width: 100%; padding-bottom: 129.468%;\"><img loading=\"lazy\" decoding=\"async\" class=\"vce-single-image\"  width=\"526\" height=\"681\" srcset=\"https:\/\/ies.mx\/wp-content\/uploads\/2026\/04\/paul-villafuerte-320x414.jpg 320w, https:\/\/ies.mx\/wp-content\/uploads\/2026\/04\/paul-villafuerte-480x621.jpg 480w, https:\/\/ies.mx\/wp-content\/uploads\/2026\/04\/paul-villafuerte-526x681.jpg 526w\" src=\"https:\/\/ies.mx\/wp-content\/uploads\/2026\/04\/paul-villafuerte-526x681.jpg\" data-img-src=\"https:\/\/ies.mx\/wp-content\/uploads\/2026\/04\/paul-villafuerte.jpg\" data-attachment-id=\"2824\"  alt=\"\" title=\"paul villafuerte\" \/><\/div><\/div><figcaption hidden=\"\"><\/figcaption><\/figure><\/div><\/div><\/div><\/div><\/div><div class=\"vce-col vce-col--md-42p vce-col--xs-1 vce-col--xs-last vce-col--xs-first vce-col--sm-last vce-col--sm-first vce-col--md-last vce-col--lg-last vce-col--xl-last\" id=\"el-7c6faee0\"><div class=\"vce-col-inner\" data-vce-do-apply=\"border margin background  el-7c6faee0\"><div class=\"vce-col-content\" data-vce-element-content=\"true\" data-vce-do-apply=\"padding el-7c6faee0\"><div class=\"vce-text-block\"><div class=\"vce-text-block-wrapper vce\" id=\"el-f8828b9d\" data-vce-do-apply=\"all el-f8828b9d\"><div class=\"xdj266r x14z9mp xat24cr x1lziwak x1vvkbs x126k92a\"><div dir=\"auto\">\ud835\udde6\ud835\udddc\ud835\udde1 \ud835\udde0\ud835\udddc\ud835\uddd8\ud835\uddd7\ud835\udde2 \ud835\uddd4\ud835\udddf \u00c9\ud835\uddeb\ud835\udddc\ud835\udde7\ud835\udde2, \ud835\udde3\ud835\uddd4\ud835\udde3\ud835\udddc! <span class=\"html-span xexx8yu xyri2b x18d9i69 x1c1uobl x1hl2dhg x16tdsg8 x1vvkbs x3nfvp2 x1j61x8r x1fcty0u xdj266r xat24cr xm2jcoa x1mpyi22 xxymvpz xlup9mm x1kky2od\"><img loading=\"lazy\" decoding=\"async\" class=\"xz74otr x15mokao x1ga7v0g x16uus16 xbiv7yw\" src=\"https:\/\/static.xx.fbcdn.net\/images\/emoji.php\/v9\/t79\/1\/16\/1f44a.png\" alt=\"\ud83d\udc4a\" width=\"16\" height=\"16\"><\/span><span class=\"html-span xexx8yu xyri2b x18d9i69 x1c1uobl x1hl2dhg x16tdsg8 x1vvkbs x3nfvp2 x1j61x8r x1fcty0u xdj266r xat24cr xm2jcoa x1mpyi22 xxymvpz xlup9mm x1kky2od\"><img loading=\"lazy\" decoding=\"async\" class=\"xz74otr x15mokao x1ga7v0g x16uus16 xbiv7yw\" src=\"https:\/\/static.xx.fbcdn.net\/images\/emoji.php\/v9\/t50\/1\/16\/1f525.png\" alt=\"\ud83d\udd25\" width=\"16\" height=\"16\"><\/span><\/div><div dir=\"auto\">\u00bfSientes que el camino es dif\u00edcil? \u00bfLas excusas te est\u00e1n frenando? Es momento de cambiar la mentalidad y sacar la casta.<\/div><\/div><div class=\"x14z9mp xat24cr x1lziwak x1vvkbs xtlvy1s x126k92a\"><div dir=\"auto\">En IES Universidad nos vestimos de gala para recibir a una verdadera leyenda de la resiliencia: Paul Villafuerte, fundador de Barras Praderas. M\u00e1s que una conferencia, es una lecci\u00f3n de vida sobre c\u00f3mo transformar la adversidad en fuerza y los obst\u00e1culos en victorias.<\/div><\/div><div class=\"x14z9mp xat24cr x1lziwak x1vvkbs xtlvy1s x126k92a\"><div dir=\"auto\">Si \u00e9l pudo cambiar su realidad y la de toda una comunidad, \u00bfqu\u00e9 te detiene a ti?<\/div><\/div><div class=\"x14z9mp xat24cr x1lziwak x1vvkbs xtlvy1s x126k92a\"><div dir=\"auto\"><span class=\"html-span xexx8yu xyri2b x18d9i69 x1c1uobl x1hl2dhg x16tdsg8 x1vvkbs x3nfvp2 x1j61x8r x1fcty0u xdj266r xat24cr xm2jcoa x1mpyi22 xxymvpz xlup9mm x1kky2od\"><img loading=\"lazy\" decoding=\"async\" class=\"xz74otr x15mokao x1ga7v0g x16uus16 xbiv7yw\" src=\"https:\/\/static.xx.fbcdn.net\/images\/emoji.php\/v9\/tac\/1\/16\/1f4cc.png\" alt=\"\ud83d\udccc\" width=\"16\" height=\"16\"><\/span> La cita es ma\u00f1ana:<\/div><div dir=\"auto\"><span class=\"html-span xexx8yu xyri2b x18d9i69 x1c1uobl x1hl2dhg x16tdsg8 x1vvkbs x3nfvp2 x1j61x8r x1fcty0u xdj266r xat24cr xm2jcoa x1mpyi22 xxymvpz xlup9mm x1kky2od\"><img loading=\"lazy\" decoding=\"async\" class=\"xz74otr x15mokao x1ga7v0g x16uus16 xbiv7yw\" src=\"https:\/\/static.xx.fbcdn.net\/images\/emoji.php\/v9\/t7e\/1\/16\/1f4c5.png\" alt=\"\ud83d\udcc5\" width=\"16\" height=\"16\"><\/span> Fecha: Jueves 23 de abril, 2026.<\/div><div dir=\"auto\"><span class=\"html-span xexx8yu xyri2b x18d9i69 x1c1uobl x1hl2dhg x16tdsg8 x1vvkbs x3nfvp2 x1j61x8r x1fcty0u xdj266r xat24cr xm2jcoa x1mpyi22 xxymvpz xlup9mm x1kky2od\"><img loading=\"lazy\" decoding=\"async\" class=\"xz74otr x15mokao x1ga7v0g x16uus16 xbiv7yw\" src=\"https:\/\/static.xx.fbcdn.net\/images\/emoji.php\/v9\/ta8\/1\/16\/1f550.png\" alt=\"\ud83d\udd50\" width=\"16\" height=\"16\"><\/span> Hora: 01:00 PM.<\/div><div dir=\"auto\"><span class=\"html-span xexx8yu xyri2b x18d9i69 x1c1uobl x1hl2dhg x16tdsg8 x1vvkbs x3nfvp2 x1j61x8r x1fcty0u xdj266r xat24cr xm2jcoa x1mpyi22 xxymvpz xlup9mm x1kky2od\"><img loading=\"lazy\" decoding=\"async\" class=\"xz74otr x15mokao x1ga7v0g x16uus16 xbiv7yw\" src=\"https:\/\/static.xx.fbcdn.net\/images\/emoji.php\/v9\/t2d\/1\/16\/1f4cd.png\" alt=\"\ud83d\udccd\" width=\"16\" height=\"16\"><\/span> Lugar: Villa Universitaria IES.<\/div><div dir=\"auto\">Ven y descubre por qu\u00e9 en esta universidad, \u00a1somos m\u00e1s que libros! Somos pasi\u00f3n, esfuerzo y resultados.<\/div><\/div><div class=\"x14z9mp xat24cr x1lziwak x1vvkbs xtlvy1s x126k92a\"><div dir=\"auto\">\u00a1No faltes! La entrada al \u00e9xito no acepta excusas.<\/div><\/div><p><br class=\"html-br\"><br class=\"html-br\">\u00a1\ud835\ude4e\ud835\ude64\ud835\ude62\ud835\ude64\ud835\ude68 \ud835\ude4b\ud835\ude64\ud835\ude69\ud835\ude67\ud835\ude64\ud835\ude68 \ud835\ude4e\ud835\ude56\ud835\ude61\ud835\ude6b\ud835\ude56\ud835\ude5f\ud835\ude5a\ud835\ude68\u2026S\ud835\ude64\ud835\ude62\ud835\ude64\ud835\ude68 \ud835\ude62\u00e1\ud835\ude68 \ud835\ude66\ud835\ude6a\ud835\ude5a \ud835\ude6a\ud835\ude63\ud835\ude56 \ud835\ude50\ud835\ude63\ud835\ude5e\ud835\ude6b\ud835\ude5a\ud835\ude67\ud835\ude68\ud835\ude5e\ud835\ude59\ud835\ude56\ud835\ude59!<br class=\"html-br\"><br class=\"html-br\"><span class=\"html-span xexx8yu xyri2b x18d9i69 x1c1uobl x1hl2dhg x16tdsg8 x1vvkbs x3nfvp2 x1j61x8r x1fcty0u xdj266r xat24cr xm2jcoa x1mpyi22 xxymvpz xlup9mm x1kky2od\"><img loading=\"lazy\" decoding=\"async\" class=\"xz74otr x15mokao x1ga7v0g x16uus16 xbiv7yw\" src=\"https:\/\/static.xx.fbcdn.net\/images\/emoji.php\/v9\/t9e\/1\/16\/27a1.png\" alt=\"\u27a1\ufe0f\" width=\"16\" height=\"16\"><\/span>\ud835\udddc\ud835\uddfb\ud835\uddf3\ud835\uddfc\ud835\uddff\ud835\uddfa\ud835\uddf2\ud835\ude00<span class=\"html-span xexx8yu xyri2b x18d9i69 x1c1uobl x1hl2dhg x16tdsg8 x1vvkbs x3nfvp2 x1j61x8r x1fcty0u xdj266r xat24cr xm2jcoa x1mpyi22 xxymvpz xlup9mm x1kky2od\"><img loading=\"lazy\" decoding=\"async\" class=\"xz74otr x15mokao x1ga7v0g x16uus16 xbiv7yw\" src=\"https:\/\/static.xx.fbcdn.net\/images\/emoji.php\/v9\/t22\/1\/16\/260e.png\" alt=\"\u260e\ufe0f\" width=\"16\" height=\"16\"><\/span>:<br class=\"html-br\">231 311 3008<br class=\"html-br\">231 206 0007<br class=\"html-br\">231 100 3530<br class=\"html-br\"><span class=\"html-span xexx8yu xyri2b x18d9i69 x1c1uobl x1hl2dhg x16tdsg8 x1vvkbs x3nfvp2 x1j61x8r x1fcty0u xdj266r xat24cr xm2jcoa x1mpyi22 xxymvpz xlup9mm x1kky2od\"><img loading=\"lazy\" decoding=\"async\" class=\"xz74otr x15mokao x1ga7v0g x16uus16 xbiv7yw\" src=\"https:\/\/static.xx.fbcdn.net\/images\/emoji.php\/v9\/t4d\/1\/16\/1f4de.png\" alt=\"\ud83d\udcde\" width=\"16\" height=\"16\"><\/span><span class=\"html-span xdj266r x14z9mp xat24cr x1lziwak xexx8yu xyri2b x18d9i69 x1c1uobl x1hl2dhg x16tdsg8 x1vvkbs\"><a class=\"x1i10hfl xjbqb8w x1ejq31n x18oe1m7 x1sy0etr xstzfhl x972fbf x10w94by x1qhh985 x14e42zd x9f619 x1ypdohk xt0psk2 x3ct3a4 xdj266r x14z9mp xat24cr x1lziwak xexx8yu xyri2b x18d9i69 x1c1uobl x16tdsg8 x1hl2dhg xggy1nq x1a2a7pz xkrqix3 x1sur9pj x1fey0fg x1s688f\" tabindex=\"0\" role=\"link\" href=\"https:\/\/bit.ly\/WhatsIES?fbclid=IwZXh0bgNhZW0CMTAAYnJpZBExUW5TWmYyZVk3V3p4TEtadnNydGMGYXBwX2lkEDIyMjAzOTE3ODgyMDA4OTIAAR4b-2aem7rgRXjq_ravHaEiGU0vdFaRVi2WLUtLOuQFlCAhrgpx679D8CRDcg_aem_UUd7ohY-1seGVCkMI0T51Q\" target=\"_blank\" rel=\"nofollow noopener noreferrer\">https:\/\/bit.ly\/WhatsIES<\/a><\/span><br class=\"html-br\"><span class=\"html-span xexx8yu xyri2b x18d9i69 x1c1uobl x1hl2dhg x16tdsg8 x1vvkbs x3nfvp2 x1j61x8r x1fcty0u xdj266r xat24cr xm2jcoa x1mpyi22 xxymvpz xlup9mm x1kky2od\"><img loading=\"lazy\" decoding=\"async\" class=\"xz74otr x15mokao x1ga7v0g x16uus16 xbiv7yw\" src=\"https:\/\/static.xx.fbcdn.net\/images\/emoji.php\/v9\/td8\/1\/16\/1f4f2.png\" alt=\"\ud83d\udcf2\" width=\"16\" height=\"16\"><\/span>ies potros salvajes<br class=\"html-br\"><span class=\"html-span xexx8yu xyri2b x18d9i69 x1c1uobl x1hl2dhg x16tdsg8 x1vvkbs x3nfvp2 x1j61x8r x1fcty0u xdj266r xat24cr xm2jcoa x1mpyi22 xxymvpz xlup9mm x1kky2od\"><img loading=\"lazy\" decoding=\"async\" class=\"xz74otr x15mokao x1ga7v0g x16uus16 xbiv7yw\" src=\"https:\/\/static.xx.fbcdn.net\/images\/emoji.php\/v9\/taa\/1\/16\/1f310.png\" alt=\"\ud83c\udf10\" width=\"16\" height=\"16\"><\/span><span class=\"html-span xdj266r x14z9mp xat24cr x1lziwak xexx8yu xyri2b x18d9i69 x1c1uobl x1hl2dhg x16tdsg8 x1vvkbs\"><a class=\"x1i10hfl xjbqb8w x1ejq31n x18oe1m7 x1sy0etr xstzfhl x972fbf x10w94by x1qhh985 x14e42zd x9f619 x1ypdohk xt0psk2 x3ct3a4 xdj266r x14z9mp xat24cr x1lziwak xexx8yu xyri2b x18d9i69 x1c1uobl x16tdsg8 x1hl2dhg xggy1nq x1a2a7pz xkrqix3 x1sur9pj x1fey0fg x1s688f\" tabindex=\"0\" role=\"link\" href=\"https:\/\/l.facebook.com\/l.php?u=http%3A%2F%2Fies.mx%2F%3Ffbclid%3DIwZXh0bgNhZW0CMTAAYnJpZBExUW5TWmYyZVk3V3p4TEtadnNydGMGYXBwX2lkEDIyMjAzOTE3ODgyMDA4OTIAAR4KX-EI45xEhB-CgeC6QZSPvu7H0F02g9GkSp4OZbkrAsumltC2UVdWzs6kMQ_aem_Hd8c0yrTgseBLgMhhCY-SQ&amp;h=AT7hzjwfvKvOR6ZODd5cZk8H8QTA_XKdMLF-D1ulnIBuOL-d3WMZuqOfYLG3SuVqaNFiOPN2RziUgViQ-PVUM_p5u0-uEoZc49KSWMeS1kGL7KL-upui6VHYolA92lb2OOcl31ZtpR6iicXYX9TYQRwzR851yst_&amp;__tn__=-UK*F\" target=\"_blank\" rel=\"nofollow noopener noreferrer\">ies.mx<\/a><\/span><\/p><\/div><\/div><\/div><\/div><\/div><\/div><\/div><\/div>\n","protected":false},"excerpt":{"rendered":"<p>\ud835\udde6\ud835\udddc\ud835\udde1 \ud835\udde0\ud835\udddc\ud835\uddd8\ud835\uddd7\ud835\udde2 \ud835\uddd4\ud835\udddf \u00c9\ud835\uddeb\ud835\udddc\ud835\udde7\ud835\udde2, \ud835\udde3\ud835\uddd4\ud835\udde3\ud835\udddc! \u00bfSientes que el camino es dif\u00edcil? \u00bfLas excusas te est\u00e1n frenando? Es momento de cambiar la mentalidad y sacar la casta.En IES Universidad nos vestimos de gala para recibir a una verdadera leyenda de la resiliencia: Paul Villafuerte, fundador de Barras Praderas. M\u00e1s que una conferencia, es una lecci\u00f3n de [&hellip;]<\/p>\n","protected":false},"author":1,"featured_media":0,"parent":0,"menu_order":0,"comment_status":"closed","ping_status":"closed","template":"","meta":{"pagelayer_contact_templates":[],"_pagelayer_content":"","footnotes":""},"class_list":["post-2771","page","type-page","status-publish","hentry"],"_links":{"self":[{"href":"https:\/\/ies.mx\/index.php?rest_route=\/wp\/v2\/pages\/2771","targetHints":{"allow":["GET"]}}],"collection":[{"href":"https:\/\/ies.mx\/index.php?rest_route=\/wp\/v2\/pages"}],"about":[{"href":"https:\/\/ies.mx\/index.php?rest_route=\/wp\/v2\/types\/page"}],"author":[{"embeddable":true,"href":"https:\/\/ies.mx\/index.php?rest_route=\/wp\/v2\/users\/1"}],"replies":[{"embeddable":true,"href":"https:\/\/ies.mx\/index.php?rest_route=%2Fwp%2Fv2%2Fcomments&post=2771"}],"version-history":[{"count":3,"href":"https:\/\/ies.mx\/index.php?rest_route=\/wp\/v2\/pages\/2771\/revisions"}],"predecessor-version":[{"id":2825,"href":"https:\/\/ies.mx\/index.php?rest_route=\/wp\/v2\/pages\/2771\/revisions\/2825"}],"wp:attachment":[{"href":"https:\/\/ies.mx\/index.php?rest_route=%2Fwp%2Fv2%2Fmedia&parent=2771"}],"curies":[{"name":"wp","href":"https:\/\/api.w.org\/{rel}","templated":true}]}}